{"id":5392,"date":"2023-04-25T11:15:43","date_gmt":"2023-04-25T15:15:43","guid":{"rendered":"https:\/\/www.costachinchorro.cl\/ccc23\/?page_id=5392"},"modified":"2026-04-13T11:24:43","modified_gmt":"2026-04-13T15:24:43","slug":"directorio","status":"publish","type":"page","link":"https:\/\/www.costachinchorro.cl\/ccc23\/directorio\/","title":{"rendered":"Directorio"},"content":{"rendered":"<section class=\"wpb-content-wrapper\"><p>[vc_row gap=&#8221;35&#8243; css_animation=&#8221;fadeIn&#8221;][vc_column][vc_custom_heading text=&#8221;La Corporaci\u00f3n es administrada por un Directorio compuesto por cinco miembros: presidente, secretario, tesorero y dos directores. El presidente ser\u00e1 el Alcalde de la comuna, quien ejercer\u00e1 sus funciones por s\u00ed mismo o por intermedio de la persona que \u00e9l designe para que lo represente; dos Directores de libre designaci\u00f3n de la Municipalidad con acuerdo del Honorable Concejo Municipal; y dos Directores elegidos por los socios activos de la Asamblea General Ordinaria de socios. El Directorio administra la Corporaci\u00f3n y sus bienes con las m\u00e1s amplias facultades, pudiendo acordar y celebrar todos los actos y contratos que tiendan al cumplimiento de los fines de la Corporaci\u00f3n, con excepci\u00f3n de aquellos que se reservan al acuerdo de la Asamblea General de socios.&#8221; font_container=&#8221;tag:h4|font_size:17px|text_align:justify|color:%23333333|line_height:1.8&#8243; use_theme_fonts=&#8221;yes&#8221; css=&#8221;.vc_custom_1683301039033{margin-top: 0px !important;margin-bottom: 25px !important;}&#8221; el_class=&#8221;w400&#8243;][\/vc_column][\/vc_row][vc_row][vc_column][vc_row_inner gap=&#8221;25&#8243;][vc_column_inner width=&#8221;1\/4&#8243;][\/vc_column_inner][vc_column_inner width=&#8221;1\/4&#8243;][vc_single_image image=&#8221;7688&#8243; img_size=&#8221;large&#8221; alignment=&#8221;center&#8221; image_hovers=&#8221;false&#8221; css=&#8221;.vc_custom_1746467468796{margin-bottom: 15px !important;}&#8221; el_class=&#8221;round15&#8243;][vc_custom_heading text=&#8221;Orlando Vargas Pizarro&#8221; font_container=&#8221;tag:h3|font_size:22px|text_align:center|color:%231b183a|line_height:1.8&#8243; use_theme_fonts=&#8221;yes&#8221; el_class=&#8221;w500&#8243; css=&#8221;.vc_custom_1734533412682{margin-top: 0px !important;margin-bottom: 15px !important;}&#8221;][vc_custom_heading text=&#8221;Presidente&#8221; font_container=&#8221;tag:h3|font_size:18px|text_align:center|color:%231b183a|line_height:1.8&#8243; use_theme_fonts=&#8221;yes&#8221; el_class=&#8221;w500&#8243; css=&#8221;.vc_custom_1682437299064{margin-top: 0px !important;margin-bottom: 15px !important;}&#8221;][vc_column_text css=&#8221;.vc_custom_1682405078923{margin-bottom: 15px !important;}&#8221;]<\/p>\n<p style=\"text-align: center;\">Alcalde de la Comuna de Arica<\/p>\n<p>[\/vc_column_text][\/vc_column_inner][vc_column_inner width=&#8221;1\/4&#8243;][vc_single_image image=&#8221;7469&#8243; img_size=&#8221;large&#8221; alignment=&#8221;center&#8221; image_hovers=&#8221;false&#8221; css=&#8221;.vc_custom_1739218969509{margin-bottom: 15px !important;}&#8221; el_class=&#8221;round15&#8243;][vc_custom_heading text=&#8221;Juan Jos\u00e9 Araya Fuentes&#8221; font_container=&#8221;tag:h3|font_size:22px|text_align:center|color:%231b183a|line_height:1.8&#8243; use_theme_fonts=&#8221;yes&#8221; el_class=&#8221;w500&#8243; css=&#8221;.vc_custom_1734624242893{margin-top: 0px !important;margin-bottom: 15px !important;}&#8221;][vc_custom_heading text=&#8221;Director ejecutivo&#8221; font_container=&#8221;tag:h3|font_size:18px|text_align:center|color:%231b183a|line_height:1.8&#8243; use_theme_fonts=&#8221;yes&#8221; el_class=&#8221;w500&#8243; css=&#8221;.vc_custom_1734624254809{margin-top: 0px !important;margin-bottom: 15px !important;}&#8221;][vc_column_text css=&#8221;.vc_custom_1682405112689{margin-bottom: 15px !important;}&#8221;]<\/p>\n<p style=\"text-align: center;\">Corporaci\u00f3n Municipal Costa Chinchorro<\/p>\n<p>[\/vc_column_text][\/vc_column_inner][vc_column_inner width=&#8221;1\/4&#8243;][\/vc_column_inner][\/vc_row_inner][vc_row_inner gap=&#8221;25&#8243;][vc_column_inner width=&#8221;1\/4&#8243;]<div class=\"ult-content-box-container \" >\t\t<div class=\"ult-content-box\" style=\"box-shadow: px px px px none;border-style:none;border-width:1px;border-color:#ffffff;-webkit-transition: all 700ms ease;-moz-transition: all 700ms ease;-ms-transition: all 700ms ease;-o-transition: all 700ms ease;transition: all 700ms ease;\"  data-hover_box_shadow=\"none\"  data-hover_border_color=\"#ffffff\"     data-border_color=\"#ffffff\" >[vc_single_image image=&#8221;5376&#8243; img_size=&#8221;large&#8221; alignment=&#8221;center&#8221; image_hovers=&#8221;false&#8221; css=&#8221;.vc_custom_1682404691554{margin-bottom: 15px !important;}&#8221; el_class=&#8221;round15&#8243;][vc_custom_heading text=&#8221;Gonzalo A. Ramos Araya&#8221; font_container=&#8221;tag:h3|font_size:22px|text_align:center|color:%231b183a|line_height:1.8&#8243; use_theme_fonts=&#8221;yes&#8221; el_class=&#8221;w500&#8243; css=&#8221;.vc_custom_1682437211228{margin-top: 0px !important;margin-bottom: 15px !important;}&#8221;][vc_custom_heading text=&#8221;Director Representante Municipalidad&#8221; font_container=&#8221;tag:h3|font_size:18px|text_align:center|color:%231b183a|line_height:1.8&#8243; use_theme_fonts=&#8221;yes&#8221; el_class=&#8221;w500&#8243; css=&#8221;.vc_custom_1682437216210{margin-top: 0px !important;margin-bottom: 15px !important;}&#8221;][vc_column_text css=&#8221;.vc_custom_1714673259560{margin-bottom: 15px !important;}&#8221;][\/vc_column_text]\t\t<\/div><\/div>[\/vc_column_inner][vc_column_inner width=&#8221;1\/4&#8243;][vc_single_image image=&#8221;5648&#8243; img_size=&#8221;large&#8221; alignment=&#8221;center&#8221; image_hovers=&#8221;false&#8221; css=&#8221;.vc_custom_1739218817805{margin-bottom: 15px !important;}&#8221; el_class=&#8221;round15&#8243;][vc_custom_heading text=&#8221;Mar\u00eda Olga G\u00f3mez&#8221; font_container=&#8221;tag:h3|font_size:22px|text_align:center|color:%231b183a|line_height:1.8&#8243; use_theme_fonts=&#8221;yes&#8221; el_class=&#8221;w500&#8243; css=&#8221;.vc_custom_1739218834092{margin-top: 0px !important;margin-bottom: 15px !important;}&#8221;][vc_custom_heading text=&#8221;Directora Representante Municipalidad&#8221; font_container=&#8221;tag:h3|font_size:18px|text_align:center|color:%231b183a|line_height:1.8&#8243; use_theme_fonts=&#8221;yes&#8221; el_class=&#8221;w500&#8243; css=&#8221;.vc_custom_1682437224543{margin-top: 0px !important;margin-bottom: 15px !important;}&#8221;][vc_column_text css=&#8221;.vc_custom_1714673248888{margin-bottom: 15px !important;}&#8221;][\/vc_column_text][\/vc_column_inner][vc_column_inner width=&#8221;1\/4&#8243;][vc_single_image image=&#8221;9024&#8243; img_size=&#8221;300&#215;480&#8243; alignment=&#8221;center&#8221; image_hovers=&#8221;false&#8221; css=&#8221;.vc_custom_1776093874496{margin-bottom: 15px !important;}&#8221; el_class=&#8221;round15&#8243;][vc_custom_heading text=&#8221;Jorge C\u00e1ceres Godoy&#8221; font_container=&#8221;tag:h3|font_size:22px|text_align:center|color:%231b183a|line_height:1.8&#8243; use_theme_fonts=&#8221;yes&#8221; el_class=&#8221;w500&#8243; css=&#8221;.vc_custom_1775570780514{margin-top: 0px !important;margin-bottom: 15px !important;}&#8221;][vc_custom_heading text=&#8221;Director sector privado&#8221; font_container=&#8221;tag:h3|font_size:18px|text_align:center|color:%231b183a|line_height:1.8&#8243; use_theme_fonts=&#8221;yes&#8221; el_class=&#8221;w500&#8243; css=&#8221;.vc_custom_1682437281291{margin-top: 0px !important;margin-bottom: 15px !important;}&#8221;][vc_column_text css=&#8221;.vc_custom_1775570818042{margin-bottom: 15px !important;}&#8221;]<\/p>\n<p style=\"text-align: center;\">Gerente General EPA<\/p>\n<p>[\/vc_column_text][\/vc_column_inner][vc_column_inner width=&#8221;1\/4&#8243;][vc_single_image image=&#8221;8893&#8243; img_size=&#8221;large&#8221; alignment=&#8221;center&#8221; image_hovers=&#8221;false&#8221; css=&#8221;.vc_custom_1775572359368{margin-bottom: 15px !important;}&#8221; el_class=&#8221;round15&#8243;][vc_custom_heading text=&#8221;Segio Draguicevic Monz\u00f3n&#8221; font_container=&#8221;tag:h3|font_size:22px|text_align:center|color:%231b183a|line_height:1.8&#8243; use_theme_fonts=&#8221;yes&#8221; el_class=&#8221;w500&#8243; css=&#8221;.vc_custom_1775570672914{margin-top: 0px !important;margin-bottom: 15px !important;}&#8221;][vc_custom_heading text=&#8221;Director sector privado&#8221; font_container=&#8221;tag:h3|font_size:18px|text_align:center|color:%231b183a|line_height:1.8&#8243; use_theme_fonts=&#8221;yes&#8221; el_class=&#8221;w500&#8243; css=&#8221;.vc_custom_1682437290684{margin-top: 0px !important;margin-bottom: 15px !important;}&#8221;][vc_column_text css=&#8221;.vc_custom_1775570727884{margin-bottom: 15px !important;}&#8221;]<\/p>\n<p style=\"text-align: center;\">CEO Chilex<\/p>\n<p>[\/vc_column_text][\/vc_column_inner][\/vc_row_inner][\/vc_column][\/vc_row]<\/p>\n<\/section>","protected":false},"excerpt":{"rendered":"<p>[vc_row gap=&#8221;35&#8243; css_animation=&#8221;fadeIn&#8221;][vc_column][vc_custom_heading text=&#8221;La Corporaci\u00f3n es administrada por un Directorio compuesto por cinco miembros: presidente, secretario, tesorero y dos directores. El presidente ser\u00e1 el Alcalde de la comuna, quien ejercer\u00e1 sus funciones por s\u00ed mismo o por intermedio de la persona que \u00e9l designe para que lo represente; dos Directores de libre designaci\u00f3n de la&hellip;<\/p>\n","protected":false},"author":1,"featured_media":0,"parent":0,"menu_order":0,"comment_status":"closed","ping_status":"closed","template":"","meta":{"footnotes":""},"folder":[],"class_list":["post-5392","page","type-page","status-publish","hentry","description-off"],"_links":{"self":[{"href":"https:\/\/www.costachinchorro.cl\/ccc23\/wp-json\/wp\/v2\/pages\/5392","targetHints":{"allow":["GET"]}}],"collection":[{"href":"https:\/\/www.costachinchorro.cl\/ccc23\/wp-json\/wp\/v2\/pages"}],"about":[{"href":"https:\/\/www.costachinchorro.cl\/ccc23\/wp-json\/wp\/v2\/types\/page"}],"author":[{"embeddable":true,"href":"https:\/\/www.costachinchorro.cl\/ccc23\/wp-json\/wp\/v2\/users\/1"}],"replies":[{"embeddable":true,"href":"https:\/\/www.costachinchorro.cl\/ccc23\/wp-json\/wp\/v2\/comments?post=5392"}],"version-history":[{"count":17,"href":"https:\/\/www.costachinchorro.cl\/ccc23\/wp-json\/wp\/v2\/pages\/5392\/revisions"}],"predecessor-version":[{"id":9025,"href":"https:\/\/www.costachinchorro.cl\/ccc23\/wp-json\/wp\/v2\/pages\/5392\/revisions\/9025"}],"wp:attachment":[{"href":"https:\/\/www.costachinchorro.cl\/ccc23\/wp-json\/wp\/v2\/media?parent=5392"}],"wp:term":[{"taxonomy":"folder","embeddable":true,"href":"https:\/\/www.costachinchorro.cl\/ccc23\/wp-json\/wp\/v2\/folder?post=5392"}],"curies":[{"name":"wp","href":"https:\/\/api.w.org\/{rel}","templated":true}]}}