{"id":5654,"date":"2023-04-28T10:52:10","date_gmt":"2023-04-28T14:52:10","guid":{"rendered":"https:\/\/www.costachinchorro.cl\/ccc23\/?page_id=5654"},"modified":"2026-04-01T12:14:52","modified_gmt":"2026-04-01T15:14:52","slug":"ex-isla-alacran","status":"publish","type":"page","link":"https:\/\/www.costachinchorro.cl\/ccc23\/ex-isla-alacran\/","title":{"rendered":"Ex Isla Alacr\u00e1n"},"content":{"rendered":"<section class=\"wpb-content-wrapper\"><p>[vc_row equal_height=&#8221;yes&#8221; content_placement=&#8221;top&#8221; css_animation=&#8221;fadeIn&#8221;][vc_column width=&#8221;1\/2&#8243;][vc_custom_heading text=&#8221;La ex-Isla del Alacr\u00e1n y su fortificaci\u00f3n es declarada Monumento Nacional mediante el Decreto N\u00b01.002 del a\u00f1o 1985 dado que se considera su fortificaci\u00f3n como parte de la historia local y de Chile, al igual que la presencia de vestigios arqueol\u00f3gicos que evidenciar\u00edan el asentamiento de pobladores\/as prehisp\u00e1nicos y el car\u00e1cter natural de albergar una gran cantidad de fauna mar\u00edtima (CMN 1985).<\/p>\n<p>El sector posee caracter\u00edsticas id\u00f3neas para la realizaci\u00f3n de deportes acu\u00e1ticos tales como el Bodyboard, el Surf, el buceo, la nataci\u00f3n, la pesca, escalada y la navegaci\u00f3n en velero, realiz\u00e1ndose aqu\u00ed importantes campeonatos deportivos tales como el Maui and Sons Arica WorldStar Tour y el ACC Grand Slam de Bodyboard.<\/p>\n<p>La gran cantidad de fauna presente atrae a observadores de aves, turistas y cient\u00edficos adem\u00e1s de su hermosa vista que cautiva a los visitantes.&#8221; font_container=&#8221;tag:h4|font_size:17px|text_align:justify|color:%23333333|line_height:25px&#8221; use_theme_fonts=&#8221;yes&#8221; css=&#8221;.vc_custom_1683384994668{margin-top: 0px !important;margin-bottom: 25px !important;}&#8221; el_class=&#8221;w400&#8243;][\/vc_column][vc_column width=&#8221;1\/2&#8243; el_class=&#8221;round15 galeria&#8221;]        <style>#mdp-glider-slideset-b48361504631ff0e50e00bffa89283d2 .mdp-glider-slideset-container .mdp-slidenav .vc_icon_element-icon { font-size: 30px; }#mdp-glider-slideset-b48361504631ff0e50e00bffa89283d2 .mdp-glider-slideset-container .mdp-slidenav { color: rgba(183,183,183,0.7); }\n             #mdp-glider-slideset-b48361504631ff0e50e00bffa89283d2 .mdp-glider-slideset-container .mdp-dotnav > * > * {\n                background-color: rgba(183,183,183,0.7); \n\t            opacity: 0.5;\n                width: 30px;\n                height: 30px;\n                cursor: pointer;\n            }\n            \n            #mdp-glider-slideset-b48361504631ff0e50e00bffa89283d2 .mdp-glider-slideset-container .mdp-dotnav > * > :hover {\n                opacity: 0.7;\n            }\n            \n\t        #mdp-glider-slideset-b48361504631ff0e50e00bffa89283d2 .mdp-glider-slideset-container .mdp-dotnav > .mdp-active > * { \n\t            background-color: rgba(183,183,183,0.7); \n\t            opacity: 1; \n            }\n        #mdp-glider-slideset-b48361504631ff0e50e00bffa89283d2 .mdp-glider-slideset-container .mdp-slideset > li { display: flex; align-items: center; }.mdp-glider-slideset-item-e5febe2640c2efd493885755e7ff94f2 > div { height: auto; overflow: hidden; }.mdp-glider-slideset-item-e5febe2640c2efd493885755e7ff94f2 > div { display: flex; align-items: center; }.mdp-glider-slideset-item-e5febe2640c2efd493885755e7ff94f2 > div { height: auto; overflow: hidden; }.mdp-glider-slideset-item-e5febe2640c2efd493885755e7ff94f2 > div { display: flex; align-items: center; }.mdp-glider-slideset-item-e5febe2640c2efd493885755e7ff94f2 > div { height: auto; overflow: hidden; }.mdp-glider-slideset-item-e5febe2640c2efd493885755e7ff94f2 > div { display: flex; align-items: center; }.mdp-glider-slideset-item-e5febe2640c2efd493885755e7ff94f2 > div { height: auto; overflow: hidden; }.mdp-glider-slideset-item-e5febe2640c2efd493885755e7ff94f2 > div { display: flex; align-items: center; }.mdp-glider-slideset-item-e5febe2640c2efd493885755e7ff94f2 > div { height: auto; overflow: hidden; }.mdp-glider-slideset-item-e5febe2640c2efd493885755e7ff94f2 > div { display: flex; align-items: center; }<\/style>        <div class=\"mdp-glider-slideset mdp-slidenav-position-center\" id=\"mdp-glider-slideset-b48361504631ff0e50e00bffa89283d2\">\n            <div class=\"mdp-glider-slideset-container vc_custom_1683307817106\" data-mdp-slideset=\"{small: '1', medium: '1', large: '1', animation: 'fade', duration: 800, autoplay: true, autoplayInterval: 6000, pauseOnHover: false}\">\n                <div class=\"mdp-slidenav-position\">\n                    <ul class=\"mdp-grid mdp-slideset mdp-flex-center mdp-grid-collapse\">\n\t                    <li class=\"mdp-glider-slidesetslide mdp-glider-slideset-item-e5febe2640c2efd493885755e7ff94f2\"><div class=\"mdp-flex mdp-flex-center mdp-flex-middle\"><div class=\"mdp-glider-content\"><p><img loading=\"lazy\" decoding=\"async\" class=\"aligncenter wp-image-5471 size-large\" src=\"https:\/\/www.costachinchorro.cl\/ccc23\/wp-content\/uploads\/2023\/04\/DJI_0149-1-1-1024x683.jpg\" alt=\"\" width=\"1024\" height=\"683\" srcset=\"https:\/\/www.costachinchorro.cl\/ccc23\/wp-content\/uploads\/2023\/04\/DJI_0149-1-1-1024x683.jpg 1024w, https:\/\/www.costachinchorro.cl\/ccc23\/wp-content\/uploads\/2023\/04\/DJI_0149-1-1-300x200.jpg 300w, https:\/\/www.costachinchorro.cl\/ccc23\/wp-content\/uploads\/2023\/04\/DJI_0149-1-1-768x512.jpg 768w, https:\/\/www.costachinchorro.cl\/ccc23\/wp-content\/uploads\/2023\/04\/DJI_0149-1-1-1536x1024.jpg 1536w, https:\/\/www.costachinchorro.cl\/ccc23\/wp-content\/uploads\/2023\/04\/DJI_0149-1-1.jpg 1920w\" sizes=\"auto, (max-width: 1024px) 100vw, 1024px\" \/><\/p>\n<\/div><\/div><\/li><li class=\"mdp-glider-slidesetslide mdp-glider-slideset-item-e5febe2640c2efd493885755e7ff94f2\"><div class=\"mdp-flex mdp-flex-center mdp-flex-middle\"><div class=\"mdp-glider-content\"><p><img loading=\"lazy\" decoding=\"async\" class=\"aligncenter size-large wp-image-5773\" src=\"https:\/\/www.costachinchorro.cl\/ccc23\/wp-content\/uploads\/2023\/05\/DSF4809-1024x683.jpg\" alt=\"\" width=\"1024\" height=\"683\" srcset=\"https:\/\/www.costachinchorro.cl\/ccc23\/wp-content\/uploads\/2023\/05\/DSF4809-1024x683.jpg 1024w, https:\/\/www.costachinchorro.cl\/ccc23\/wp-content\/uploads\/2023\/05\/DSF4809-300x200.jpg 300w, https:\/\/www.costachinchorro.cl\/ccc23\/wp-content\/uploads\/2023\/05\/DSF4809-768x512.jpg 768w, https:\/\/www.costachinchorro.cl\/ccc23\/wp-content\/uploads\/2023\/05\/DSF4809-1536x1024.jpg 1536w, https:\/\/www.costachinchorro.cl\/ccc23\/wp-content\/uploads\/2023\/05\/DSF4809.jpg 1920w\" sizes=\"auto, (max-width: 1024px) 100vw, 1024px\" \/><\/p>\n<\/div><\/div><\/li><li class=\"mdp-glider-slidesetslide mdp-glider-slideset-item-e5febe2640c2efd493885755e7ff94f2\"><div class=\"mdp-flex mdp-flex-center mdp-flex-middle\"><div class=\"mdp-glider-content\"><p><img loading=\"lazy\" decoding=\"async\" class=\"aligncenter size-large wp-image-5776\" src=\"https:\/\/www.costachinchorro.cl\/ccc23\/wp-content\/uploads\/2023\/05\/isla3-1024x576.jpeg\" alt=\"\" width=\"1024\" height=\"576\" srcset=\"https:\/\/www.costachinchorro.cl\/ccc23\/wp-content\/uploads\/2023\/05\/isla3-1024x576.jpeg 1024w, https:\/\/www.costachinchorro.cl\/ccc23\/wp-content\/uploads\/2023\/05\/isla3-300x169.jpeg 300w, https:\/\/www.costachinchorro.cl\/ccc23\/wp-content\/uploads\/2023\/05\/isla3-768x432.jpeg 768w, https:\/\/www.costachinchorro.cl\/ccc23\/wp-content\/uploads\/2023\/05\/isla3-1536x864.jpeg 1536w, https:\/\/www.costachinchorro.cl\/ccc23\/wp-content\/uploads\/2023\/05\/isla3.jpeg 2000w\" sizes=\"auto, (max-width: 1024px) 100vw, 1024px\" \/><\/p>\n<\/div><\/div><\/li><li class=\"mdp-glider-slidesetslide mdp-glider-slideset-item-e5febe2640c2efd493885755e7ff94f2\"><div class=\"mdp-flex mdp-flex-center mdp-flex-middle\"><div class=\"mdp-glider-content\"><p><img loading=\"lazy\" decoding=\"async\" class=\"aligncenter size-large wp-image-5775\" src=\"https:\/\/www.costachinchorro.cl\/ccc23\/wp-content\/uploads\/2023\/05\/isla-6-1024x576.jpeg\" alt=\"\" width=\"1024\" height=\"576\" srcset=\"https:\/\/www.costachinchorro.cl\/ccc23\/wp-content\/uploads\/2023\/05\/isla-6-1024x576.jpeg 1024w, https:\/\/www.costachinchorro.cl\/ccc23\/wp-content\/uploads\/2023\/05\/isla-6-300x169.jpeg 300w, https:\/\/www.costachinchorro.cl\/ccc23\/wp-content\/uploads\/2023\/05\/isla-6-768x432.jpeg 768w, https:\/\/www.costachinchorro.cl\/ccc23\/wp-content\/uploads\/2023\/05\/isla-6-1536x864.jpeg 1536w, https:\/\/www.costachinchorro.cl\/ccc23\/wp-content\/uploads\/2023\/05\/isla-6.jpeg 1842w\" sizes=\"auto, (max-width: 1024px) 100vw, 1024px\" \/><\/p>\n<\/div><\/div><\/li><li class=\"mdp-glider-slidesetslide mdp-glider-slideset-item-e5febe2640c2efd493885755e7ff94f2\"><div class=\"mdp-flex mdp-flex-center mdp-flex-middle\"><div class=\"mdp-glider-content\"><p><img loading=\"lazy\" decoding=\"async\" class=\"aligncenter size-full wp-image-5774\" src=\"https:\/\/www.costachinchorro.cl\/ccc23\/wp-content\/uploads\/2023\/05\/isla-5.jpeg\" alt=\"\" width=\"960\" height=\"638\" srcset=\"https:\/\/www.costachinchorro.cl\/ccc23\/wp-content\/uploads\/2023\/05\/isla-5.jpeg 960w, https:\/\/www.costachinchorro.cl\/ccc23\/wp-content\/uploads\/2023\/05\/isla-5-300x199.jpeg 300w, https:\/\/www.costachinchorro.cl\/ccc23\/wp-content\/uploads\/2023\/05\/isla-5-768x510.jpeg 768w\" sizes=\"auto, (max-width: 960px) 100vw, 960px\" \/><\/p>\n<\/div><\/div><\/li>                    <\/ul>\n\n                                    <\/div>\n\n                \n            <\/div>\n        <\/div>\n\n        [\/vc_column][\/vc_row][vc_row full_width=&#8221;stretch_row&#8221; gap=&#8221;35&#8243; css_animation=&#8221;fadeIn&#8221; bg_type=&#8221;image&#8221; parallax_style=&#8221;vcpb-default&#8221; bg_image_new=&#8221;id^5440|url^https:\/\/www.costachinchorro.cl\/ccc23\/wp-content\/uploads\/2023\/04\/equipo-bg.jpg|caption^null|alt^null|title^equipo-bg|description^null&#8221; bg_img_attach=&#8221;fixed&#8221; css=&#8221;.vc_custom_1683307752681{margin-top: 0px !important;margin-bottom: 0px !important;padding-top: 20px !important;padding-bottom: 30px !important;background-color: #fbf7f4 !important;background-position: 0 0 !important;background-repeat: repeat !important;}&#8221;][vc_column width=&#8221;1\/2&#8243; css=&#8221;.vc_custom_1683307725067{padding-top: 0px !important;}&#8221;][vc_custom_heading text=&#8221;\u00bfQuieres solicitar el espacio para realizar alguna actividad? Rellena el siguiente formulario:&#8221; font_container=&#8221;tag:h4|font_size:17px|text_align:justify|color:%23333333|line_height:1.8&#8243; use_theme_fonts=&#8221;yes&#8221; css=&#8221;.vc_custom_1683047011298{margin-top: 15px !important;margin-bottom: 35px !important;}&#8221; el_class=&#8221;w400&#8243;]\n<div class=\"wpcf7 no-js\" id=\"wpcf7-f6117-o1\" lang=\"es-ES\" dir=\"ltr\" data-wpcf7-id=\"6117\">\n<div class=\"screen-reader-response\"><p role=\"status\" aria-live=\"polite\" aria-atomic=\"true\"><\/p> <ul><\/ul><\/div>\n<form action=\"\/ccc23\/wp-json\/wp\/v2\/pages\/5654#wpcf7-f6117-o1\" method=\"post\" class=\"wpcf7-form init\" aria-label=\"Formulario de contacto\" novalidate=\"novalidate\" data-status=\"init\">\n<fieldset class=\"hidden-fields-container\"><input type=\"hidden\" name=\"_wpcf7\" value=\"6117\" \/><input type=\"hidden\" name=\"_wpcf7_version\" value=\"6.1.3\" \/><input type=\"hidden\" name=\"_wpcf7_locale\" value=\"es_ES\" \/><input type=\"hidden\" name=\"_wpcf7_unit_tag\" value=\"wpcf7-f6117-o1\" \/><input type=\"hidden\" name=\"_wpcf7_container_post\" value=\"0\" \/><input type=\"hidden\" name=\"_wpcf7_posted_data_hash\" value=\"\" \/><input type=\"hidden\" name=\"_wpcf7_recaptcha_response\" value=\"\" \/>\n<\/fieldset>\n<p><label> Nombre contacto<br \/>\n<span class=\"wpcf7-form-control-wrap\" data-name=\"nombre\"><input size=\"40\" maxlength=\"400\" class=\"wpcf7-form-control wpcf7-text wpcf7-validates-as-required\" autocomplete=\"name\" aria-required=\"true\" aria-invalid=\"false\" value=\"\" type=\"text\" name=\"nombre\" \/><\/span> <\/label>\n<\/p>\n<p><label> Correo electr\u00f3nico<br \/>\n<span class=\"wpcf7-form-control-wrap\" data-name=\"email\"><input size=\"40\" maxlength=\"400\" class=\"wpcf7-form-control wpcf7-email wpcf7-validates-as-required wpcf7-text wpcf7-validates-as-email\" autocomplete=\"email\" aria-required=\"true\" aria-invalid=\"false\" value=\"\" type=\"email\" name=\"email\" \/><\/span> <\/label>\n<\/p>\n<p><label> Tel\u00e9fono<br \/>\n<span class=\"wpcf7-form-control-wrap\" data-name=\"telefono\"><input size=\"40\" maxlength=\"400\" class=\"wpcf7-form-control wpcf7-text wpcf7-validates-as-required\" aria-required=\"true\" aria-invalid=\"false\" value=\"\" type=\"text\" name=\"telefono\" \/><\/span> <\/label>\n<\/p>\n<p><label> Fecha a solicitar<br \/>\n<span class=\"wpcf7-form-control-wrap\" data-name=\"fecha\"><input class=\"wpcf7-form-control wpcf7-date wpcf7-validates-as-required wpcf7-validates-as-date\" aria-required=\"true\" aria-invalid=\"false\" value=\"\" type=\"date\" name=\"fecha\" \/><\/span> <\/label>\n<\/p>\n<p><label> Detalle solicitud<br \/>\n<span class=\"wpcf7-form-control-wrap\" data-name=\"mensaje\"><textarea cols=\"10\" rows=\"4\" maxlength=\"2000\" class=\"wpcf7-form-control wpcf7-textarea\" aria-invalid=\"false\" name=\"mensaje\"><\/textarea><\/span> <\/label>\n<\/p>\n<p><label>\n\t<span class=\"wpcf7-form-control-wrap recaptcha\" data-name=\"recaptcha\"><span data-sitekey=\"6Ld-yRUmAAAAAKWL25v-HtY5lk6K8iwtC4v2Fvcu\" class=\"wpcf7-form-control wpcf7-recaptcha g-recaptcha\"><\/span>\r\n<noscript>\r\n\t<div class=\"grecaptcha-noscript\">\r\n\t\t<iframe loading=\"lazy\" src=\"https:\/\/www.google.com\/recaptcha\/api\/fallback?k=6Ld-yRUmAAAAAKWL25v-HtY5lk6K8iwtC4v2Fvcu\" frameborder=\"0\" scrolling=\"no\" width=\"310\" height=\"430\">\r\n\t\t<\/iframe>\r\n\t\t<textarea name=\"g-recaptcha-response\" rows=\"3\" cols=\"40\" placeholder=\"Aqu\u00ed la respuesta de reCAPTCHA\">\r\n\t\t<\/textarea>\r\n\t<\/div>\r\n<\/noscript>\r\n<\/span><\/label>\n<\/p>\n<p><input class=\"wpcf7-form-control wpcf7-submit has-spinner\" type=\"submit\" value=\"Enviar\" \/>\n<\/p><div class=\"wpcf7-response-output\" aria-hidden=\"true\"><\/div>\n<\/form>\n<\/div>\n[\/vc_column][vc_column width=&#8221;1\/2&#8243; css=&#8221;.vc_custom_1683307732567{padding-top: 0px !important;}&#8221;][vc_custom_heading text=&#8221;Horarios&#8221; font_container=&#8221;tag:h3|font_size:42px|text_align:left|color:%231b183a|line_height:50px&#8221; use_theme_fonts=&#8221;yes&#8221; el_class=&#8221;w700&#8243; css=&#8221;.vc_custom_1683047697490{margin-top: 15px !important;margin-bottom: 25px !important;}&#8221;][vc_custom_heading text=&#8221;ACCESO PEATONAL: 08:00 A 20:00 HRS<br \/>\nZONA DE PESCA: 08:00 A 20:00 HRS<\/p>\n<p>PROHIBIDOS VEH\u00cdCULOS MOTORIZADOS&#8221; font_container=&#8221;tag:h4|font_size:17px|text_align:justify|color:%23333333|line_height:1.8&#8243; use_theme_fonts=&#8221;yes&#8221; css=&#8221;.vc_custom_1775056487156{margin-top: 15px !important;margin-bottom: 35px !important;}&#8221; el_class=&#8221;w400&#8243;][\/vc_column][\/vc_row]<\/p>\n<\/section>","protected":false},"excerpt":{"rendered":"<p>[vc_row equal_height=&#8221;yes&#8221; content_placement=&#8221;top&#8221; css_animation=&#8221;fadeIn&#8221;][vc_column width=&#8221;1\/2&#8243;][vc_custom_heading text=&#8221;La ex-Isla del Alacr\u00e1n y su fortificaci\u00f3n es declarada Monumento Nacional mediante el Decreto N\u00b01.002 del a\u00f1o 1985 dado que se considera su fortificaci\u00f3n como parte de la historia local y de Chile, al igual que la presencia de vestigios arqueol\u00f3gicos que evidenciar\u00edan el asentamiento de pobladores\/as prehisp\u00e1nicos y el&hellip;<\/p>\n","protected":false},"author":1,"featured_media":0,"parent":0,"menu_order":0,"comment_status":"closed","ping_status":"closed","template":"","meta":{"footnotes":""},"folder":[],"class_list":["post-5654","page","type-page","status-publish","hentry","description-off"],"_links":{"self":[{"href":"https:\/\/www.costachinchorro.cl\/ccc23\/wp-json\/wp\/v2\/pages\/5654","targetHints":{"allow":["GET"]}}],"collection":[{"href":"https:\/\/www.costachinchorro.cl\/ccc23\/wp-json\/wp\/v2\/pages"}],"about":[{"href":"https:\/\/www.costachinchorro.cl\/ccc23\/wp-json\/wp\/v2\/types\/page"}],"author":[{"embeddable":true,"href":"https:\/\/www.costachinchorro.cl\/ccc23\/wp-json\/wp\/v2\/users\/1"}],"replies":[{"embeddable":true,"href":"https:\/\/www.costachinchorro.cl\/ccc23\/wp-json\/wp\/v2\/comments?post=5654"}],"version-history":[{"count":13,"href":"https:\/\/www.costachinchorro.cl\/ccc23\/wp-json\/wp\/v2\/pages\/5654\/revisions"}],"predecessor-version":[{"id":8864,"href":"https:\/\/www.costachinchorro.cl\/ccc23\/wp-json\/wp\/v2\/pages\/5654\/revisions\/8864"}],"wp:attachment":[{"href":"https:\/\/www.costachinchorro.cl\/ccc23\/wp-json\/wp\/v2\/media?parent=5654"}],"wp:term":[{"taxonomy":"folder","embeddable":true,"href":"https:\/\/www.costachinchorro.cl\/ccc23\/wp-json\/wp\/v2\/folder?post=5654"}],"curies":[{"name":"wp","href":"https:\/\/api.w.org\/{rel}","templated":true}]}}