{"id":7644,"date":"2025-05-05T10:36:14","date_gmt":"2025-05-05T14:36:14","guid":{"rendered":"https:\/\/www.costachinchorro.cl\/?page_id=7644"},"modified":"2026-05-06T09:46:28","modified_gmt":"2026-05-06T13:46:28","slug":"paseo-las-machas","status":"publish","type":"page","link":"https:\/\/www.costachinchorro.cl\/ccc23\/paseo-las-machas\/","title":{"rendered":"Paseo Deportivo Las Machas"},"content":{"rendered":"<section class=\"wpb-content-wrapper\"><p>[vc_row equal_height=&#8221;yes&#8221; content_placement=&#8221;top&#8221; css_animation=&#8221;fadeIn&#8221;][vc_column width=&#8221;1\/2&#8243;][vc_custom_heading text=&#8221;El Paseo Deportivo Playa Las Machas es un proyecto transformador que cambiar\u00e1 el rostro de la costa norte de Arica. Impulsado por la Corporaci\u00f3n Municipal Costa Chinchorro, este espacio est\u00e1 dise\u00f1ado para que deportistas, familias, turistas y comunidad local vivan experiencias \u00fanicas junto al mar.<\/p>\n<p>Este paseo deportivo usa materiales reciclables, aplica criterios de bajo impacto ambiental y preserva la biodiversidad local, asegurando que Arica avance hacia un desarrollo sostenible y responsable.<\/p>\n<p>Dise\u00f1ado bajo criterios de accesibilidad universal, este proyecto garantiza que personas de todas las edades y capacidades puedan disfrutar de la playa y del deporte al aire libre.&#8221; font_container=&#8221;tag:h4|font_size:17px|text_align:justify|color:%23333333|line_height:25px&#8221; use_theme_fonts=&#8221;yes&#8221; css=&#8221;.vc_custom_1746457008512{margin-top: 15px !important;margin-bottom: 25px !important;}&#8221; el_class=&#8221;w400&#8243;][\/vc_column][vc_column width=&#8221;1\/2&#8243; el_class=&#8221;round15 galeria&#8221;]        <style>#mdp-glider-slideset-47d688820af06e5e2ec1d823cc91efda .mdp-glider-slideset-container .mdp-slidenav .vc_icon_element-icon { font-size: 30px; }#mdp-glider-slideset-47d688820af06e5e2ec1d823cc91efda .mdp-glider-slideset-container .mdp-slidenav { color: rgba(183,183,183,0.7); }\n             #mdp-glider-slideset-47d688820af06e5e2ec1d823cc91efda .mdp-glider-slideset-container .mdp-dotnav > * > * {\n                background-color: rgba(183,183,183,0.7); \n\t            opacity: 0.5;\n                width: 30px;\n                height: 30px;\n                cursor: pointer;\n            }\n            \n            #mdp-glider-slideset-47d688820af06e5e2ec1d823cc91efda .mdp-glider-slideset-container .mdp-dotnav > * > :hover {\n                opacity: 0.7;\n            }\n            \n\t        #mdp-glider-slideset-47d688820af06e5e2ec1d823cc91efda .mdp-glider-slideset-container .mdp-dotnav > .mdp-active > * { \n\t            background-color: rgba(183,183,183,0.7); \n\t            opacity: 1; \n            }\n        #mdp-glider-slideset-47d688820af06e5e2ec1d823cc91efda .mdp-glider-slideset-container .mdp-slideset > li { display: flex; align-items: center; }.mdp-glider-slideset-item-e5febe2640c2efd493885755e7ff94f2 > div { height: auto; overflow: hidden; }.mdp-glider-slideset-item-e5febe2640c2efd493885755e7ff94f2 > div { display: flex; align-items: center; }.mdp-glider-slideset-item-d751713988987e9331980363e24189ce > div { height: auto; overflow: hidden; }.mdp-glider-slideset-item-d751713988987e9331980363e24189ce > div { display: flex; align-items: ; }.mdp-glider-slideset-item-d751713988987e9331980363e24189ce > div { height: auto; overflow: hidden; }.mdp-glider-slideset-item-d751713988987e9331980363e24189ce > div { display: flex; align-items: ; }.mdp-glider-slideset-item-d751713988987e9331980363e24189ce > div { height: auto; overflow: hidden; }.mdp-glider-slideset-item-d751713988987e9331980363e24189ce > div { display: flex; align-items: ; }<\/style>        <div class=\"mdp-glider-slideset mdp-slidenav-position-center\" id=\"mdp-glider-slideset-47d688820af06e5e2ec1d823cc91efda\">\n            <div class=\"mdp-glider-slideset-container \" data-mdp-slideset=\"{small: '1', medium: '1', large: '1', animation: 'fade', duration: 800, autoplay: true, autoplayInterval: 6000, pauseOnHover: false}\">\n                <div class=\"mdp-slidenav-position\">\n                    <ul class=\"mdp-grid mdp-slideset mdp-flex-center mdp-grid-collapse\">\n\t                    <li class=\"mdp-glider-slidesetslide mdp-glider-slideset-item-e5febe2640c2efd493885755e7ff94f2\"><div class=\"mdp-flex mdp-flex-center mdp-flex-middle\"><div class=\"mdp-glider-content\"><p><img loading=\"lazy\" decoding=\"async\" class=\"aligncenter wp-image-7662 size-large\" src=\"https:\/\/www.costachinchorro.cl\/ccc23\/wp-content\/uploads\/2025\/05\/las-machas-9-1024x683.jpg\" alt=\"\" width=\"1024\" height=\"683\" srcset=\"https:\/\/www.costachinchorro.cl\/ccc23\/wp-content\/uploads\/2025\/05\/las-machas-9-1024x683.jpg 1024w, https:\/\/www.costachinchorro.cl\/ccc23\/wp-content\/uploads\/2025\/05\/las-machas-9-300x200.jpg 300w, https:\/\/www.costachinchorro.cl\/ccc23\/wp-content\/uploads\/2025\/05\/las-machas-9-768x512.jpg 768w, https:\/\/www.costachinchorro.cl\/ccc23\/wp-content\/uploads\/2025\/05\/las-machas-9-1536x1024.jpg 1536w, https:\/\/www.costachinchorro.cl\/ccc23\/wp-content\/uploads\/2025\/05\/las-machas-9.jpg 2048w\" sizes=\"auto, (max-width: 1024px) 100vw, 1024px\" \/><\/p>\n<\/div><\/div><\/li><li class=\"mdp-glider-slidesetslide mdp-glider-slideset-item-d751713988987e9331980363e24189ce\"><div class=\"mdp-flex mdp-flex-center mdp-flex-middle\"><div class=\"mdp-glider-content\"><p><img loading=\"lazy\" decoding=\"async\" class=\"aligncenter wp-image-7654 size-large\" src=\"https:\/\/www.costachinchorro.cl\/ccc23\/wp-content\/uploads\/2025\/05\/las-machas-1-1024x682.jpg\" alt=\"\" width=\"1024\" height=\"682\" srcset=\"https:\/\/www.costachinchorro.cl\/ccc23\/wp-content\/uploads\/2025\/05\/las-machas-1-1024x682.jpg 1024w, https:\/\/www.costachinchorro.cl\/ccc23\/wp-content\/uploads\/2025\/05\/las-machas-1-300x200.jpg 300w, https:\/\/www.costachinchorro.cl\/ccc23\/wp-content\/uploads\/2025\/05\/las-machas-1-768x512.jpg 768w, https:\/\/www.costachinchorro.cl\/ccc23\/wp-content\/uploads\/2025\/05\/las-machas-1-1536x1023.jpg 1536w, https:\/\/www.costachinchorro.cl\/ccc23\/wp-content\/uploads\/2025\/05\/las-machas-1.jpg 1600w\" sizes=\"auto, (max-width: 1024px) 100vw, 1024px\" \/><\/p>\n<\/div><\/div><\/li><li class=\"mdp-glider-slidesetslide mdp-glider-slideset-item-d751713988987e9331980363e24189ce\"><div class=\"mdp-flex mdp-flex-center mdp-flex-middle\"><div class=\"mdp-glider-content\"><p><img loading=\"lazy\" decoding=\"async\" class=\"size-full wp-image-7655 aligncenter\" src=\"https:\/\/www.costachinchorro.cl\/ccc23\/wp-content\/uploads\/2025\/05\/las-machas-2.jpg\" alt=\"\" width=\"799\" height=\"533\" srcset=\"https:\/\/www.costachinchorro.cl\/ccc23\/wp-content\/uploads\/2025\/05\/las-machas-2.jpg 799w, https:\/\/www.costachinchorro.cl\/ccc23\/wp-content\/uploads\/2025\/05\/las-machas-2-300x200.jpg 300w, https:\/\/www.costachinchorro.cl\/ccc23\/wp-content\/uploads\/2025\/05\/las-machas-2-768x512.jpg 768w\" sizes=\"auto, (max-width: 799px) 100vw, 799px\" \/><\/p>\n<\/div><\/div><\/li><li class=\"mdp-glider-slidesetslide mdp-glider-slideset-item-d751713988987e9331980363e24189ce\"><div class=\"mdp-flex mdp-flex-center mdp-flex-middle\"><div class=\"mdp-glider-content\"><p><img loading=\"lazy\" decoding=\"async\" class=\"size-full wp-image-7659 aligncenter\" src=\"https:\/\/www.costachinchorro.cl\/ccc23\/wp-content\/uploads\/2025\/05\/las-machas-6.jpg\" alt=\"\" width=\"2048\" height=\"1365\" srcset=\"https:\/\/www.costachinchorro.cl\/ccc23\/wp-content\/uploads\/2025\/05\/las-machas-6.jpg 2048w, https:\/\/www.costachinchorro.cl\/ccc23\/wp-content\/uploads\/2025\/05\/las-machas-6-300x200.jpg 300w, https:\/\/www.costachinchorro.cl\/ccc23\/wp-content\/uploads\/2025\/05\/las-machas-6-1024x683.jpg 1024w, https:\/\/www.costachinchorro.cl\/ccc23\/wp-content\/uploads\/2025\/05\/las-machas-6-768x512.jpg 768w, https:\/\/www.costachinchorro.cl\/ccc23\/wp-content\/uploads\/2025\/05\/las-machas-6-1536x1024.jpg 1536w\" sizes=\"auto, (max-width: 2048px) 100vw, 2048px\" \/><\/p>\n<\/div><\/div><\/li>                    <\/ul>\n\n                                    <\/div>\n\n                \n            <\/div>\n        <\/div>\n\n        [\/vc_column][\/vc_row][vc_row gap=&#8221;35&#8243; css=&#8221;.vc_custom_1683307020926{margin-bottom: 15px !important;}&#8221;][vc_column][vc_custom_heading text=&#8221;<\/p>\n<h3>Impacto esperado<\/h3>\n<p>M\u00e1s de 500 usuarios diarios podr\u00e1n beneficiarse de este espacio, disfrutando de actividades deportivas, familiares y tur\u00edsticas en un entorno seguro, moderno y bello.<\/p>\n<h3>Ubicaci\u00f3n privilegiada<\/h3>\n<p>Playa Las Machas, Arica, a minutos del centro urbano y conectado por las principales v\u00edas de acceso. Un lugar ic\u00f3nico que ahora se convierte en un referente para el deporte y la recreaci\u00f3n.&#8221; font_container=&#8221;tag:h4|font_size:17px|text_align:justify|color:%23333333|line_height:25px&#8221; use_theme_fonts=&#8221;yes&#8221; css=&#8221;.vc_custom_1746457038459{margin-top: 15px !important;margin-bottom: 25px !important;}&#8221; el_class=&#8221;w400&#8243;][\/vc_column][\/vc_row][vc_row][vc_column width=&#8221;1\/2&#8243;][vc_column_text]<\/p>\n<h3 class=\"\" data-start=\"1936\" data-end=\"1961\">Nuestros objetivos<\/h3>\n<ul data-start=\"1963\" data-end=\"2178\">\n<li class=\"\" data-start=\"1963\" data-end=\"2007\">\n<p class=\"\" data-start=\"1965\" data-end=\"2007\">Fomentar la vida saludable en la comunidad<\/p>\n<\/li>\n<li class=\"\" data-start=\"2008\" data-end=\"2065\">\n<p class=\"\" data-start=\"2010\" data-end=\"2065\">Mejorar y modernizar la infraestructura p\u00fablica costera<\/p>\n<\/li>\n<li class=\"\" data-start=\"2066\" data-end=\"2106\">\n<p class=\"\" data-start=\"2068\" data-end=\"2106\">Impulsar el turismo deportivo en Arica<\/p>\n<\/li>\n<li class=\"\" data-start=\"2107\" data-end=\"2178\">\n<p class=\"\" data-start=\"2109\" data-end=\"2178\">Crear un espacio de encuentro para fortalecer el sentido de comunidad<\/p>\n<\/li>\n<\/ul>\n<h3 class=\"\" data-start=\"785\" data-end=\"809\">\u00bfQu\u00e9 encontrar\u00e1s?<\/h3>\n<ul data-start=\"811\" data-end=\"1225\">\n<li class=\"\" data-start=\"811\" data-end=\"862\">\n<p class=\"\" data-start=\"813\" data-end=\"862\">Circuito de trote de 1,5 km frente a la playa<\/p>\n<\/li>\n<li class=\"\" data-start=\"863\" data-end=\"925\">\n<p class=\"\" data-start=\"865\" data-end=\"925\">Sendero para bicicletas, patines y deportes sobre ruedas<\/p>\n<\/li>\n<li class=\"\" data-start=\"926\" data-end=\"980\">\n<p class=\"\" data-start=\"928\" data-end=\"980\">Iluminaci\u00f3n eficiente para actividades nocturnas<\/p>\n<\/li>\n<li class=\"\" data-start=\"981\" data-end=\"1049\">\n<p class=\"\" data-start=\"983\" data-end=\"1049\">Estaciones de calistenia y m\u00e1quinas de ejercicio al aire libre<\/p>\n<\/li>\n<li class=\"\" data-start=\"1050\" data-end=\"1102\">\n<p class=\"\" data-start=\"1052\" data-end=\"1102\">Zonas de descanso y miradores con vista al mar<\/p>\n<\/li>\n<li class=\"\" data-start=\"1103\" data-end=\"1161\">\n<p class=\"\" data-start=\"1105\" data-end=\"1161\">Jardiner\u00eda y paisajismo adaptados al entorno costero<\/p>\n<\/li>\n<li class=\"\" data-start=\"1162\" data-end=\"1225\">\n<p class=\"\" data-start=\"1164\" data-end=\"1225\">Se\u00f1al\u00e9tica educativa sobre flora, fauna y cuidado ambiental<\/p>\n<\/li>\n<\/ul>\n<p>[\/vc_column_text][\/vc_column][vc_column width=&#8221;1\/2&#8243; el_class=&#8221;round15 galeria&#8221;]        <style>#mdp-glider-slideset-47d688820af06e5e2ec1d823cc91efda .mdp-glider-slideset-container .mdp-slidenav .vc_icon_element-icon { font-size: 30px; }#mdp-glider-slideset-47d688820af06e5e2ec1d823cc91efda .mdp-glider-slideset-container .mdp-slidenav { color: rgba(183,183,183,0.7); }\n             #mdp-glider-slideset-47d688820af06e5e2ec1d823cc91efda .mdp-glider-slideset-container .mdp-dotnav > * > * {\n                background-color: rgba(183,183,183,0.7); \n\t            opacity: 0.5;\n                width: 30px;\n                height: 30px;\n                cursor: pointer;\n            }\n            \n            #mdp-glider-slideset-47d688820af06e5e2ec1d823cc91efda .mdp-glider-slideset-container .mdp-dotnav > * > :hover {\n                opacity: 0.7;\n            }\n            \n\t        #mdp-glider-slideset-47d688820af06e5e2ec1d823cc91efda .mdp-glider-slideset-container .mdp-dotnav > .mdp-active > * { \n\t            background-color: rgba(183,183,183,0.7); \n\t            opacity: 1; \n            }\n        #mdp-glider-slideset-47d688820af06e5e2ec1d823cc91efda .mdp-glider-slideset-container .mdp-slideset > li { display: flex; align-items: center; }.mdp-glider-slideset-item-e5febe2640c2efd493885755e7ff94f2 > div { height: auto; overflow: hidden; }.mdp-glider-slideset-item-e5febe2640c2efd493885755e7ff94f2 > div { display: flex; align-items: center; }.mdp-glider-slideset-item-d751713988987e9331980363e24189ce > div { height: auto; overflow: hidden; }.mdp-glider-slideset-item-d751713988987e9331980363e24189ce > div { display: flex; align-items: ; }.mdp-glider-slideset-item-d751713988987e9331980363e24189ce > div { height: auto; overflow: hidden; }.mdp-glider-slideset-item-d751713988987e9331980363e24189ce > div { display: flex; align-items: ; }.mdp-glider-slideset-item-d751713988987e9331980363e24189ce > div { height: auto; overflow: hidden; }.mdp-glider-slideset-item-d751713988987e9331980363e24189ce > div { display: flex; align-items: ; }.mdp-glider-slideset-item-e5febe2640c2efd493885755e7ff94f2 > div { height: auto; overflow: hidden; }.mdp-glider-slideset-item-e5febe2640c2efd493885755e7ff94f2 > div { display: flex; align-items: center; }.mdp-glider-slideset-item-d751713988987e9331980363e24189ce > div { height: auto; overflow: hidden; }.mdp-glider-slideset-item-d751713988987e9331980363e24189ce > div { display: flex; align-items: ; }.mdp-glider-slideset-item-d751713988987e9331980363e24189ce > div { height: auto; overflow: hidden; }.mdp-glider-slideset-item-d751713988987e9331980363e24189ce > div { display: flex; align-items: ; }.mdp-glider-slideset-item-d751713988987e9331980363e24189ce > div { height: auto; overflow: hidden; }.mdp-glider-slideset-item-d751713988987e9331980363e24189ce > div { display: flex; align-items: ; }<\/style>        <div class=\"mdp-glider-slideset mdp-slidenav-position-center\" id=\"mdp-glider-slideset-47d688820af06e5e2ec1d823cc91efda\">\n            <div class=\"mdp-glider-slideset-container \" data-mdp-slideset=\"{small: '1', medium: '1', large: '1', animation: 'fade', duration: 800, autoplay: true, autoplayInterval: 6000, pauseOnHover: false}\">\n                <div class=\"mdp-slidenav-position\">\n                    <ul class=\"mdp-grid mdp-slideset mdp-flex-center mdp-grid-collapse\">\n\t                    <li class=\"mdp-glider-slidesetslide mdp-glider-slideset-item-e5febe2640c2efd493885755e7ff94f2\"><div class=\"mdp-flex mdp-flex-center mdp-flex-middle\"><div class=\"mdp-glider-content\"><p><img loading=\"lazy\" decoding=\"async\" class=\"size-full wp-image-7666 aligncenter\" src=\"https:\/\/www.costachinchorro.cl\/ccc23\/wp-content\/uploads\/2025\/05\/las-machas-13.jpg\" alt=\"\" width=\"2048\" height=\"1365\" srcset=\"https:\/\/www.costachinchorro.cl\/ccc23\/wp-content\/uploads\/2025\/05\/las-machas-13.jpg 2048w, https:\/\/www.costachinchorro.cl\/ccc23\/wp-content\/uploads\/2025\/05\/las-machas-13-300x200.jpg 300w, https:\/\/www.costachinchorro.cl\/ccc23\/wp-content\/uploads\/2025\/05\/las-machas-13-1024x683.jpg 1024w, https:\/\/www.costachinchorro.cl\/ccc23\/wp-content\/uploads\/2025\/05\/las-machas-13-768x512.jpg 768w, https:\/\/www.costachinchorro.cl\/ccc23\/wp-content\/uploads\/2025\/05\/las-machas-13-1536x1024.jpg 1536w\" sizes=\"auto, (max-width: 2048px) 100vw, 2048px\" \/><\/p>\n<\/div><\/div><\/li><li class=\"mdp-glider-slidesetslide mdp-glider-slideset-item-d751713988987e9331980363e24189ce\"><div class=\"mdp-flex mdp-flex-center mdp-flex-middle\"><div class=\"mdp-glider-content\"><p><img loading=\"lazy\" decoding=\"async\" class=\"aligncenter size-full wp-image-7657\" src=\"https:\/\/www.costachinchorro.cl\/ccc23\/wp-content\/uploads\/2025\/05\/las-machas-4.jpg\" alt=\"\" width=\"2048\" height=\"1365\" srcset=\"https:\/\/www.costachinchorro.cl\/ccc23\/wp-content\/uploads\/2025\/05\/las-machas-4.jpg 2048w, https:\/\/www.costachinchorro.cl\/ccc23\/wp-content\/uploads\/2025\/05\/las-machas-4-300x200.jpg 300w, https:\/\/www.costachinchorro.cl\/ccc23\/wp-content\/uploads\/2025\/05\/las-machas-4-1024x683.jpg 1024w, https:\/\/www.costachinchorro.cl\/ccc23\/wp-content\/uploads\/2025\/05\/las-machas-4-768x512.jpg 768w, https:\/\/www.costachinchorro.cl\/ccc23\/wp-content\/uploads\/2025\/05\/las-machas-4-1536x1024.jpg 1536w\" sizes=\"auto, (max-width: 2048px) 100vw, 2048px\" \/><\/p>\n<\/div><\/div><\/li><li class=\"mdp-glider-slidesetslide mdp-glider-slideset-item-d751713988987e9331980363e24189ce\"><div class=\"mdp-flex mdp-flex-center mdp-flex-middle\"><div class=\"mdp-glider-content\"><p><img loading=\"lazy\" decoding=\"async\" class=\"aligncenter size-full wp-image-7656\" src=\"https:\/\/www.costachinchorro.cl\/ccc23\/wp-content\/uploads\/2025\/05\/las-machas-3.jpg\" alt=\"\" width=\"2048\" height=\"1536\" srcset=\"https:\/\/www.costachinchorro.cl\/ccc23\/wp-content\/uploads\/2025\/05\/las-machas-3.jpg 2048w, https:\/\/www.costachinchorro.cl\/ccc23\/wp-content\/uploads\/2025\/05\/las-machas-3-300x225.jpg 300w, https:\/\/www.costachinchorro.cl\/ccc23\/wp-content\/uploads\/2025\/05\/las-machas-3-1024x768.jpg 1024w, https:\/\/www.costachinchorro.cl\/ccc23\/wp-content\/uploads\/2025\/05\/las-machas-3-768x576.jpg 768w, https:\/\/www.costachinchorro.cl\/ccc23\/wp-content\/uploads\/2025\/05\/las-machas-3-1536x1152.jpg 1536w\" sizes=\"auto, (max-width: 2048px) 100vw, 2048px\" \/><\/p>\n<\/div><\/div><\/li><li class=\"mdp-glider-slidesetslide mdp-glider-slideset-item-d751713988987e9331980363e24189ce\"><div class=\"mdp-flex mdp-flex-center mdp-flex-middle\"><div class=\"mdp-glider-content\"><p><img loading=\"lazy\" decoding=\"async\" class=\"aligncenter size-full wp-image-7658\" src=\"https:\/\/www.costachinchorro.cl\/ccc23\/wp-content\/uploads\/2025\/05\/las-machas-5.jpg\" alt=\"\" width=\"2048\" height=\"1365\" srcset=\"https:\/\/www.costachinchorro.cl\/ccc23\/wp-content\/uploads\/2025\/05\/las-machas-5.jpg 2048w, https:\/\/www.costachinchorro.cl\/ccc23\/wp-content\/uploads\/2025\/05\/las-machas-5-300x200.jpg 300w, https:\/\/www.costachinchorro.cl\/ccc23\/wp-content\/uploads\/2025\/05\/las-machas-5-1024x683.jpg 1024w, https:\/\/www.costachinchorro.cl\/ccc23\/wp-content\/uploads\/2025\/05\/las-machas-5-768x512.jpg 768w, https:\/\/www.costachinchorro.cl\/ccc23\/wp-content\/uploads\/2025\/05\/las-machas-5-1536x1024.jpg 1536w\" sizes=\"auto, (max-width: 2048px) 100vw, 2048px\" \/><\/p>\n<\/div><\/div><\/li>                    <\/ul>\n\n                                    <\/div>\n\n                \n            <\/div>\n        <\/div>\n\n        [\/vc_column][\/vc_row][vc_row full_width=&#8221;stretch_row&#8221; gap=&#8221;35&#8243; css_animation=&#8221;fadeIn&#8221; bg_type=&#8221;image&#8221; parallax_style=&#8221;vcpb-default&#8221; bg_image_new=&#8221;id^5440|url^https:\/\/www.costachinchorro.cl\/ccc23\/wp-content\/uploads\/2023\/04\/equipo-bg.jpg|caption^null|alt^null|title^equipo-bg|description^null&#8221; bg_img_attach=&#8221;fixed&#8221; css=&#8221;.vc_custom_1683047325014{margin-top: 0px !important;margin-bottom: 0px !important;padding-top: 40px !important;padding-bottom: 60px !important;background-color: #fbf7f4 !important;background-position: 0 0 !important;background-repeat: repeat !important;}&#8221;][vc_column width=&#8221;1\/2&#8243;][vc_custom_heading text=&#8221;Horario&#8221; font_container=&#8221;tag:h3|font_size:42px|text_align:left|color:%231b183a|line_height:50px&#8221; use_theme_fonts=&#8221;yes&#8221; el_class=&#8221;w700&#8243; css=&#8221;.vc_custom_1683047091134{margin-top: 15px !important;margin-bottom: 25px !important;}&#8221;][vc_custom_heading text=&#8221;Lunes a Domingo:<br \/>\n08:00 a 20:00 Hrs.&#8221; font_container=&#8221;tag:h4|font_size:17px|text_align:justify|color:%23333333|line_height:1.8&#8243; use_theme_fonts=&#8221;yes&#8221; css=&#8221;.vc_custom_1746460122618{margin-top: 15px !important;margin-bottom: 35px !important;}&#8221; el_class=&#8221;w400&#8243;][\/vc_column][vc_column width=&#8221;1\/2&#8243;][\/vc_column][\/vc_row]<\/p>\n<\/section>","protected":false},"excerpt":{"rendered":"<p>[vc_row equal_height=&#8221;yes&#8221; content_placement=&#8221;top&#8221; css_animation=&#8221;fadeIn&#8221;][vc_column width=&#8221;1\/2&#8243;][vc_custom_heading text=&#8221;El Paseo Deportivo Playa Las Machas es un proyecto transformador que cambiar\u00e1 el rostro de la costa norte de Arica. Impulsado por la Corporaci\u00f3n Municipal Costa Chinchorro, este espacio est\u00e1 dise\u00f1ado para que deportistas, familias, turistas y comunidad local vivan experiencias \u00fanicas junto al mar. Este paseo deportivo usa materiales&hellip;<\/p>\n","protected":false},"author":2,"featured_media":0,"parent":0,"menu_order":0,"comment_status":"closed","ping_status":"closed","template":"","meta":{"footnotes":""},"folder":[],"class_list":["post-7644","page","type-page","status-publish","hentry","description-off"],"_links":{"self":[{"href":"https:\/\/www.costachinchorro.cl\/ccc23\/wp-json\/wp\/v2\/pages\/7644","targetHints":{"allow":["GET"]}}],"collection":[{"href":"https:\/\/www.costachinchorro.cl\/ccc23\/wp-json\/wp\/v2\/pages"}],"about":[{"href":"https:\/\/www.costachinchorro.cl\/ccc23\/wp-json\/wp\/v2\/types\/page"}],"author":[{"embeddable":true,"href":"https:\/\/www.costachinchorro.cl\/ccc23\/wp-json\/wp\/v2\/users\/2"}],"replies":[{"embeddable":true,"href":"https:\/\/www.costachinchorro.cl\/ccc23\/wp-json\/wp\/v2\/comments?post=7644"}],"version-history":[{"count":15,"href":"https:\/\/www.costachinchorro.cl\/ccc23\/wp-json\/wp\/v2\/pages\/7644\/revisions"}],"predecessor-version":[{"id":9034,"href":"https:\/\/www.costachinchorro.cl\/ccc23\/wp-json\/wp\/v2\/pages\/7644\/revisions\/9034"}],"wp:attachment":[{"href":"https:\/\/www.costachinchorro.cl\/ccc23\/wp-json\/wp\/v2\/media?parent=7644"}],"wp:term":[{"taxonomy":"folder","embeddable":true,"href":"https:\/\/www.costachinchorro.cl\/ccc23\/wp-json\/wp\/v2\/folder?post=7644"}],"curies":[{"name":"wp","href":"https:\/\/api.w.org\/{rel}","templated":true}]}}