{"id":8896,"date":"2026-04-08T09:48:02","date_gmt":"2026-04-08T13:48:02","guid":{"rendered":"https:\/\/www.costachinchorro.cl\/?page_id=8896"},"modified":"2026-04-16T13:46:22","modified_gmt":"2026-04-16T17:46:22","slug":"bafoap","status":"publish","type":"page","link":"https:\/\/www.costachinchorro.cl\/ccc23\/bafoap\/","title":{"rendered":"Ballet Folcl\u00f3rico de Arica y Parinacota"},"content":{"rendered":"<section class=\"wpb-content-wrapper\"><p>[vc_row][vc_column][vc_single_image image=&#8221;8921&#8243; img_size=&#8221;medium&#8221; alignment=&#8221;center&#8221;][\/vc_column][\/vc_row][vc_row gap=&#8221;10&#8243; content_placement=&#8221;top&#8221; css_animation=&#8221;fadeIn&#8221; css=&#8221;.vc_custom_1685051409566{margin-bottom: 25px !important;}&#8221;][vc_column width=&#8221;1\/2&#8243;][vc_custom_heading text=&#8221;El Ballet Folcl\u00f3rico de Arica y Parinacota (BAFOAP) naci\u00f3 bajo la visi\u00f3n del destacado acad\u00e9mico, m\u00fasico y Premio Nacional de Cultura, Manuel Mamani Mamani. Su origen est\u00e1 profundamente ligado a la necesidad de sistematizar y elevar a los escenarios teatrales las ricas expresiones danc\u00edsticas del mundo andino y la zona transfronteriza.<\/p>\n<p>Durante d\u00e9cadas, bajo la direcci\u00f3n del Maestro Mamani, el elenco no solo se dedic\u00f3 a la ejecuci\u00f3n t\u00e9cnica, sino a la investigaci\u00f3n etnogr\u00e1fica. Cada cuadro coreogr\u00e1fico \u2014desde la solemnidad de las danzas de precordillera hasta la energ\u00eda del Caporal\u2014 fue dise\u00f1ado para respetar la simbolog\u00eda de los pueblos originarios, convirti\u00e9ndose en un archivo vivo de la identidad regional.<\/p>\n<p>Tras la partida de su fundador, el BAFOAP inici\u00f3 una nueva etapa de consolidaci\u00f3n institucional. Hoy, bajo la direcci\u00f3n de Vilma Blanco Labarca y el apoyo de la Corporaci\u00f3n Municipal Costa Chinchorro, el ballet ha evolucionado hacia un elenco de alto rendimiento que integra a j\u00f3venes talentos de la regi\u00f3n.<\/p>\n<p>Su repertorio actual combina piezas cl\u00e1sicas de la agrupaci\u00f3n con nuevas propuestas que dialogan con el Carnaval con la Fuerza del Sol, reafirmando su rol como el principal embajador cultural de la Puerta Norte de Chile ante escenarios nacionales e internacionales.&#8221; font_container=&#8221;tag:h4|font_size:17px|text_align:justify|color:%23333333|line_height:25px&#8221; use_theme_fonts=&#8221;yes&#8221; css=&#8221;.vc_custom_1775574374379{margin-top: 15px !important;margin-bottom: 25px !important;}&#8221; el_class=&#8221;w400&#8243;]<div class=\"ult-content-box-container \" >\t\t<div class=\"ult-content-box\" style=\"box-shadow: px px px px none;margin-right:20px;margin-left:20px;-webkit-transition: all 700ms ease;-moz-transition: all 700ms ease;-ms-transition: all 700ms ease;-o-transition: all 700ms ease;transition: all 700ms ease;\"  data-hover_box_shadow=\"none\"   data-responsive_margins=\"margin-right:0px;margin-left:0px;\"   data-normal_margins=\"margin-right:20px;margin-left:20px;\"  >\t\t<\/div><\/div>[vc_custom_heading text=&#8221;Agenda del BAFOAP&#8221; font_container=&#8221;tag:h3|font_size:30px|text_align:left|color:%231b183a|line_height:44px&#8221; use_theme_fonts=&#8221;yes&#8221; el_class=&#8221;w700&#8243; css=&#8221;.vc_custom_1775574536226{margin-top: 0px !important;margin-bottom: 25px !important;padding-bottom: 0px !important;}&#8221;][vc_raw_html]JTNDaWZyYW1lJTIwc3JjJTNEJTIyaHR0cHMlM0ElMkYlMkZjYWxlbmRhci5nb29nbGUuY29tJTJGY2FsZW5kYXIlMkZlbWJlZCUzRnNyYyUzRGNfNzU1OWMyODFhY2RkMGI4M2Y5ODk1MzBlYjEzNjhiMDMxYTRiNzhhNTk4ZTA2ZWNkYzI1YTI3ODdhMmNhYWUyYiUyNTQwZ3JvdXAuY2FsZW5kYXIuZ29vZ2xlLmNvbSUyNmN0eiUzREFtZXJpY2ElMjUyRlNhbnRpYWdvJTIyJTIwc3R5bGUlM0QlMjJib3JkZXIlM0ElMjAwJTIyJTIwd2lkdGglM0QlMjI4MDAlMjIlMjBoZWlnaHQlM0QlMjI0MDAlMjIlMjBmcmFtZWJvcmRlciUzRCUyMjAlMjIlMjBzY3JvbGxpbmclM0QlMjJubyUyMiUzRSUzQyUyRmlmcmFtZSUzRQ==[\/vc_raw_html][\/vc_column][vc_column width=&#8221;1\/2&#8243; el_class=&#8221;round15 galeria-orfeon galeria&#8221;]        <style>#mdp-glider-slideset-4a508417c7fbf3809992c538a3aad526 .mdp-glider-slideset-container .mdp-slidenav .vc_icon_element-icon { font-size: 30px; }#mdp-glider-slideset-4a508417c7fbf3809992c538a3aad526 .mdp-glider-slideset-container .mdp-slidenav { color: rgba(183,183,183,0.7); }\n             #mdp-glider-slideset-4a508417c7fbf3809992c538a3aad526 .mdp-glider-slideset-container .mdp-dotnav > * > * {\n                background-color: rgba(183,183,183,0.7); \n\t            opacity: 0.5;\n                width: 30px;\n                height: 30px;\n                cursor: pointer;\n            }\n            \n            #mdp-glider-slideset-4a508417c7fbf3809992c538a3aad526 .mdp-glider-slideset-container .mdp-dotnav > * > :hover {\n                opacity: 0.7;\n            }\n            \n\t        #mdp-glider-slideset-4a508417c7fbf3809992c538a3aad526 .mdp-glider-slideset-container .mdp-dotnav > .mdp-active > * { \n\t            background-color: rgba(183,183,183,0.7); \n\t            opacity: 1; \n            }\n        #mdp-glider-slideset-4a508417c7fbf3809992c538a3aad526 .mdp-glider-slideset-container .mdp-slideset > li { display: flex; align-items: center; }.mdp-glider-slideset-item-e5febe2640c2efd493885755e7ff94f2 > div { height: auto; overflow: hidden; }.mdp-glider-slideset-item-e5febe2640c2efd493885755e7ff94f2 > div { display: flex; align-items: center; }.mdp-glider-slideset-item-d751713988987e9331980363e24189ce > div { height: auto; overflow: hidden; }.mdp-glider-slideset-item-d751713988987e9331980363e24189ce > div { display: flex; align-items: ; }.mdp-glider-slideset-item-e5febe2640c2efd493885755e7ff94f2 > div { height: auto; overflow: hidden; }.mdp-glider-slideset-item-e5febe2640c2efd493885755e7ff94f2 > div { display: flex; align-items: center; }.mdp-glider-slideset-item-d751713988987e9331980363e24189ce > div { height: auto; overflow: hidden; }.mdp-glider-slideset-item-d751713988987e9331980363e24189ce > div { display: flex; align-items: ; }.mdp-glider-slideset-item-e5febe2640c2efd493885755e7ff94f2 > div { height: auto; overflow: hidden; }.mdp-glider-slideset-item-e5febe2640c2efd493885755e7ff94f2 > div { display: flex; align-items: center; }.mdp-glider-slideset-item-d751713988987e9331980363e24189ce > div { height: auto; overflow: hidden; }.mdp-glider-slideset-item-d751713988987e9331980363e24189ce > div { display: flex; align-items: ; }.mdp-glider-slideset-item-d751713988987e9331980363e24189ce > div { height: auto; overflow: hidden; }.mdp-glider-slideset-item-d751713988987e9331980363e24189ce > div { display: flex; align-items: ; }.mdp-glider-slideset-item-e5febe2640c2efd493885755e7ff94f2 > div { height: auto; overflow: hidden; }.mdp-glider-slideset-item-e5febe2640c2efd493885755e7ff94f2 > div { display: flex; align-items: center; }.mdp-glider-slideset-item-d751713988987e9331980363e24189ce > div { height: auto; overflow: hidden; }.mdp-glider-slideset-item-d751713988987e9331980363e24189ce > div { display: flex; align-items: ; }.mdp-glider-slideset-item-e5febe2640c2efd493885755e7ff94f2 > div { height: auto; overflow: hidden; }.mdp-glider-slideset-item-e5febe2640c2efd493885755e7ff94f2 > div { display: flex; align-items: center; }<\/style>        <div class=\"mdp-glider-slideset mdp-slidenav-position-center\" id=\"mdp-glider-slideset-4a508417c7fbf3809992c538a3aad526\">\n            <div class=\"mdp-glider-slideset-container vc_custom_1683039580135\" data-mdp-slideset=\"{small: '1', medium: '1', large: '1', animation: 'fade', duration: 800, autoplay: true, autoplayInterval: 6000, pauseOnHover: false}\">\n                <div class=\"mdp-slidenav-position\">\n                    <ul class=\"mdp-grid mdp-slideset mdp-flex-center mdp-grid-collapse\">\n\t                    <li class=\"mdp-glider-slidesetslide mdp-glider-slideset-item-e5febe2640c2efd493885755e7ff94f2\"><div class=\"mdp-flex mdp-flex-center mdp-flex-middle\"><div class=\"mdp-glider-content\"><p><img loading=\"lazy\" decoding=\"async\" class=\"aligncenter size-full wp-image-8909\" src=\"https:\/\/www.costachinchorro.cl\/ccc23\/wp-content\/uploads\/2026\/04\/IMG_6148.jpg\" alt=\"\" width=\"1620\" height=\"1080\" srcset=\"https:\/\/www.costachinchorro.cl\/ccc23\/wp-content\/uploads\/2026\/04\/IMG_6148.jpg 1620w, https:\/\/www.costachinchorro.cl\/ccc23\/wp-content\/uploads\/2026\/04\/IMG_6148-300x200.jpg 300w, https:\/\/www.costachinchorro.cl\/ccc23\/wp-content\/uploads\/2026\/04\/IMG_6148-1024x683.jpg 1024w, https:\/\/www.costachinchorro.cl\/ccc23\/wp-content\/uploads\/2026\/04\/IMG_6148-768x512.jpg 768w, https:\/\/www.costachinchorro.cl\/ccc23\/wp-content\/uploads\/2026\/04\/IMG_6148-1536x1024.jpg 1536w\" sizes=\"auto, (max-width: 1620px) 100vw, 1620px\" \/><\/p>\n<\/div><\/div><\/li><li class=\"mdp-glider-slidesetslide mdp-glider-slideset-item-d751713988987e9331980363e24189ce\"><div class=\"mdp-flex mdp-flex-center mdp-flex-middle\"><div class=\"mdp-glider-content\"><p><img loading=\"lazy\" decoding=\"async\" class=\"aligncenter size-full wp-image-8910\" src=\"https:\/\/www.costachinchorro.cl\/ccc23\/wp-content\/uploads\/2026\/04\/IMG_4665.jpg\" alt=\"\" width=\"1620\" height=\"1080\" srcset=\"https:\/\/www.costachinchorro.cl\/ccc23\/wp-content\/uploads\/2026\/04\/IMG_4665.jpg 1620w, https:\/\/www.costachinchorro.cl\/ccc23\/wp-content\/uploads\/2026\/04\/IMG_4665-300x200.jpg 300w, https:\/\/www.costachinchorro.cl\/ccc23\/wp-content\/uploads\/2026\/04\/IMG_4665-1024x683.jpg 1024w, https:\/\/www.costachinchorro.cl\/ccc23\/wp-content\/uploads\/2026\/04\/IMG_4665-768x512.jpg 768w, https:\/\/www.costachinchorro.cl\/ccc23\/wp-content\/uploads\/2026\/04\/IMG_4665-1536x1024.jpg 1536w\" sizes=\"auto, (max-width: 1620px) 100vw, 1620px\" \/><\/p>\n<\/div><\/div><\/li><li class=\"mdp-glider-slidesetslide mdp-glider-slideset-item-e5febe2640c2efd493885755e7ff94f2\"><div class=\"mdp-flex mdp-flex-center mdp-flex-middle\"><div class=\"mdp-glider-content\"><p><img loading=\"lazy\" decoding=\"async\" class=\"aligncenter size-full wp-image-8911\" src=\"https:\/\/www.costachinchorro.cl\/ccc23\/wp-content\/uploads\/2026\/04\/IMG_4462.jpg\" alt=\"\" width=\"1620\" height=\"1080\" srcset=\"https:\/\/www.costachinchorro.cl\/ccc23\/wp-content\/uploads\/2026\/04\/IMG_4462.jpg 1620w, https:\/\/www.costachinchorro.cl\/ccc23\/wp-content\/uploads\/2026\/04\/IMG_4462-300x200.jpg 300w, https:\/\/www.costachinchorro.cl\/ccc23\/wp-content\/uploads\/2026\/04\/IMG_4462-1024x683.jpg 1024w, https:\/\/www.costachinchorro.cl\/ccc23\/wp-content\/uploads\/2026\/04\/IMG_4462-768x512.jpg 768w, https:\/\/www.costachinchorro.cl\/ccc23\/wp-content\/uploads\/2026\/04\/IMG_4462-1536x1024.jpg 1536w\" sizes=\"auto, (max-width: 1620px) 100vw, 1620px\" \/><\/p>\n<\/div><\/div><\/li><li class=\"mdp-glider-slidesetslide mdp-glider-slideset-item-d751713988987e9331980363e24189ce\"><div class=\"mdp-flex mdp-flex-center mdp-flex-middle\"><div class=\"mdp-glider-content\"><p><img loading=\"lazy\" decoding=\"async\" class=\"aligncenter size-full wp-image-8912\" src=\"https:\/\/www.costachinchorro.cl\/ccc23\/wp-content\/uploads\/2026\/04\/IMG_2354.jpg\" alt=\"\" width=\"1620\" height=\"1080\" srcset=\"https:\/\/www.costachinchorro.cl\/ccc23\/wp-content\/uploads\/2026\/04\/IMG_2354.jpg 1620w, https:\/\/www.costachinchorro.cl\/ccc23\/wp-content\/uploads\/2026\/04\/IMG_2354-300x200.jpg 300w, https:\/\/www.costachinchorro.cl\/ccc23\/wp-content\/uploads\/2026\/04\/IMG_2354-1024x683.jpg 1024w, https:\/\/www.costachinchorro.cl\/ccc23\/wp-content\/uploads\/2026\/04\/IMG_2354-768x512.jpg 768w, https:\/\/www.costachinchorro.cl\/ccc23\/wp-content\/uploads\/2026\/04\/IMG_2354-1536x1024.jpg 1536w\" sizes=\"auto, (max-width: 1620px) 100vw, 1620px\" \/><\/p>\n<\/div><\/div><\/li><li class=\"mdp-glider-slidesetslide mdp-glider-slideset-item-e5febe2640c2efd493885755e7ff94f2\"><div class=\"mdp-flex mdp-flex-center mdp-flex-middle\"><div class=\"mdp-glider-content\"><p><img loading=\"lazy\" decoding=\"async\" class=\"aligncenter size-full wp-image-8913\" src=\"https:\/\/www.costachinchorro.cl\/ccc23\/wp-content\/uploads\/2026\/04\/IMG_0303.jpg\" alt=\"\" width=\"1620\" height=\"1080\" srcset=\"https:\/\/www.costachinchorro.cl\/ccc23\/wp-content\/uploads\/2026\/04\/IMG_0303.jpg 1620w, https:\/\/www.costachinchorro.cl\/ccc23\/wp-content\/uploads\/2026\/04\/IMG_0303-300x200.jpg 300w, https:\/\/www.costachinchorro.cl\/ccc23\/wp-content\/uploads\/2026\/04\/IMG_0303-1024x683.jpg 1024w, https:\/\/www.costachinchorro.cl\/ccc23\/wp-content\/uploads\/2026\/04\/IMG_0303-768x512.jpg 768w, https:\/\/www.costachinchorro.cl\/ccc23\/wp-content\/uploads\/2026\/04\/IMG_0303-1536x1024.jpg 1536w\" sizes=\"auto, (max-width: 1620px) 100vw, 1620px\" \/><\/p>\n<\/div><\/div><\/li><li class=\"mdp-glider-slidesetslide mdp-glider-slideset-item-d751713988987e9331980363e24189ce\"><div class=\"mdp-flex mdp-flex-center mdp-flex-middle\"><div class=\"mdp-glider-content\"><p><img loading=\"lazy\" decoding=\"async\" class=\"aligncenter size-full wp-image-8914\" src=\"https:\/\/www.costachinchorro.cl\/ccc23\/wp-content\/uploads\/2026\/04\/MG_9283-scaled.jpg\" alt=\"\" width=\"2560\" height=\"1707\" srcset=\"https:\/\/www.costachinchorro.cl\/ccc23\/wp-content\/uploads\/2026\/04\/MG_9283-scaled.jpg 2560w, https:\/\/www.costachinchorro.cl\/ccc23\/wp-content\/uploads\/2026\/04\/MG_9283-300x200.jpg 300w, https:\/\/www.costachinchorro.cl\/ccc23\/wp-content\/uploads\/2026\/04\/MG_9283-1024x683.jpg 1024w, https:\/\/www.costachinchorro.cl\/ccc23\/wp-content\/uploads\/2026\/04\/MG_9283-768x512.jpg 768w, https:\/\/www.costachinchorro.cl\/ccc23\/wp-content\/uploads\/2026\/04\/MG_9283-1536x1024.jpg 1536w, https:\/\/www.costachinchorro.cl\/ccc23\/wp-content\/uploads\/2026\/04\/MG_9283-2048x1365.jpg 2048w\" sizes=\"auto, (max-width: 2560px) 100vw, 2560px\" \/><\/p>\n<\/div><\/div><\/li><li class=\"mdp-glider-slidesetslide mdp-glider-slideset-item-d751713988987e9331980363e24189ce\"><div class=\"mdp-flex mdp-flex-center mdp-flex-middle\"><div class=\"mdp-glider-content\"><p><img loading=\"lazy\" decoding=\"async\" class=\"aligncenter size-full wp-image-8915\" src=\"https:\/\/www.costachinchorro.cl\/ccc23\/wp-content\/uploads\/2026\/04\/MG_9041-scaled.jpg\" alt=\"\" width=\"2560\" height=\"1707\" srcset=\"https:\/\/www.costachinchorro.cl\/ccc23\/wp-content\/uploads\/2026\/04\/MG_9041-scaled.jpg 2560w, https:\/\/www.costachinchorro.cl\/ccc23\/wp-content\/uploads\/2026\/04\/MG_9041-300x200.jpg 300w, https:\/\/www.costachinchorro.cl\/ccc23\/wp-content\/uploads\/2026\/04\/MG_9041-1024x683.jpg 1024w, https:\/\/www.costachinchorro.cl\/ccc23\/wp-content\/uploads\/2026\/04\/MG_9041-768x512.jpg 768w, https:\/\/www.costachinchorro.cl\/ccc23\/wp-content\/uploads\/2026\/04\/MG_9041-1536x1024.jpg 1536w, https:\/\/www.costachinchorro.cl\/ccc23\/wp-content\/uploads\/2026\/04\/MG_9041-2048x1365.jpg 2048w\" sizes=\"auto, (max-width: 2560px) 100vw, 2560px\" \/><\/p>\n<\/div><\/div><\/li><li class=\"mdp-glider-slidesetslide mdp-glider-slideset-item-e5febe2640c2efd493885755e7ff94f2\"><div class=\"mdp-flex mdp-flex-center mdp-flex-middle\"><div class=\"mdp-glider-content\"><p><img loading=\"lazy\" decoding=\"async\" class=\"aligncenter size-full wp-image-8916\" src=\"https:\/\/www.costachinchorro.cl\/ccc23\/wp-content\/uploads\/2026\/04\/MG_8529-scaled.jpg\" alt=\"\" width=\"2560\" height=\"1707\" srcset=\"https:\/\/www.costachinchorro.cl\/ccc23\/wp-content\/uploads\/2026\/04\/MG_8529-scaled.jpg 2560w, https:\/\/www.costachinchorro.cl\/ccc23\/wp-content\/uploads\/2026\/04\/MG_8529-300x200.jpg 300w, https:\/\/www.costachinchorro.cl\/ccc23\/wp-content\/uploads\/2026\/04\/MG_8529-1024x683.jpg 1024w, https:\/\/www.costachinchorro.cl\/ccc23\/wp-content\/uploads\/2026\/04\/MG_8529-768x512.jpg 768w, https:\/\/www.costachinchorro.cl\/ccc23\/wp-content\/uploads\/2026\/04\/MG_8529-1536x1024.jpg 1536w, https:\/\/www.costachinchorro.cl\/ccc23\/wp-content\/uploads\/2026\/04\/MG_8529-2048x1365.jpg 2048w\" sizes=\"auto, (max-width: 2560px) 100vw, 2560px\" \/><\/p>\n<\/div><\/div><\/li><li class=\"mdp-glider-slidesetslide mdp-glider-slideset-item-d751713988987e9331980363e24189ce\"><div class=\"mdp-flex mdp-flex-center mdp-flex-middle\"><div class=\"mdp-glider-content\"><p><img loading=\"lazy\" decoding=\"async\" class=\"aligncenter size-full wp-image-8917\" src=\"https:\/\/www.costachinchorro.cl\/ccc23\/wp-content\/uploads\/2026\/04\/MG_4281-scaled.jpg\" alt=\"\" width=\"2560\" height=\"1440\" srcset=\"https:\/\/www.costachinchorro.cl\/ccc23\/wp-content\/uploads\/2026\/04\/MG_4281-scaled.jpg 2560w, https:\/\/www.costachinchorro.cl\/ccc23\/wp-content\/uploads\/2026\/04\/MG_4281-300x169.jpg 300w, https:\/\/www.costachinchorro.cl\/ccc23\/wp-content\/uploads\/2026\/04\/MG_4281-1024x576.jpg 1024w, https:\/\/www.costachinchorro.cl\/ccc23\/wp-content\/uploads\/2026\/04\/MG_4281-768x432.jpg 768w, https:\/\/www.costachinchorro.cl\/ccc23\/wp-content\/uploads\/2026\/04\/MG_4281-1536x864.jpg 1536w, https:\/\/www.costachinchorro.cl\/ccc23\/wp-content\/uploads\/2026\/04\/MG_4281-2048x1152.jpg 2048w\" sizes=\"auto, (max-width: 2560px) 100vw, 2560px\" \/><\/p>\n<\/div><\/div><\/li><li class=\"mdp-glider-slidesetslide mdp-glider-slideset-item-e5febe2640c2efd493885755e7ff94f2\"><div class=\"mdp-flex mdp-flex-center mdp-flex-middle\"><div class=\"mdp-glider-content\"><p><img loading=\"lazy\" decoding=\"async\" class=\"aligncenter size-full wp-image-8918\" src=\"https:\/\/www.costachinchorro.cl\/ccc23\/wp-content\/uploads\/2026\/04\/MG_1671-scaled.jpg\" alt=\"\" width=\"2560\" height=\"1440\" srcset=\"https:\/\/www.costachinchorro.cl\/ccc23\/wp-content\/uploads\/2026\/04\/MG_1671-scaled.jpg 2560w, https:\/\/www.costachinchorro.cl\/ccc23\/wp-content\/uploads\/2026\/04\/MG_1671-300x169.jpg 300w, https:\/\/www.costachinchorro.cl\/ccc23\/wp-content\/uploads\/2026\/04\/MG_1671-1024x576.jpg 1024w, https:\/\/www.costachinchorro.cl\/ccc23\/wp-content\/uploads\/2026\/04\/MG_1671-768x432.jpg 768w, https:\/\/www.costachinchorro.cl\/ccc23\/wp-content\/uploads\/2026\/04\/MG_1671-1536x864.jpg 1536w, https:\/\/www.costachinchorro.cl\/ccc23\/wp-content\/uploads\/2026\/04\/MG_1671-2048x1152.jpg 2048w\" sizes=\"auto, (max-width: 2560px) 100vw, 2560px\" \/><\/p>\n<\/div><\/div><\/li>                    <\/ul>\n\n                                    <\/div>\n\n                \n            <\/div>\n        <\/div>\n\n        [vc_video link=&#8221;https:\/\/www.youtube.com\/watch?v=Qk3e2Cgiuec&#8221; align=&#8221;center&#8221;][\/vc_column][\/vc_row][vc_row full_width=&#8221;stretch_row&#8221; gap=&#8221;35&#8243; css_animation=&#8221;fadeIn&#8221; bg_type=&#8221;image&#8221; parallax_style=&#8221;vcpb-default&#8221; bg_image_new=&#8221;id^5440|url^https:\/\/www.costachinchorro.cl\/ccc23\/wp-content\/uploads\/2023\/04\/equipo-bg.jpg|caption^null|alt^null|title^equipo-bg|description^null&#8221; bg_img_attach=&#8221;fixed&#8221; css=&#8221;.vc_custom_1683042167991{margin-top: 25px !important;padding-top: 40px !important;padding-bottom: 40px !important;background-color: #fbf7f4 !important;background-position: 0 0 !important;background-repeat: repeat !important;}&#8221;][vc_column width=&#8221;1\/2&#8243;][vc_custom_heading text=&#8221;Si quieres que el BAFOAP sea parte de tu actividad o evento cultural, por favor completa el formulario a continuaci\u00f3n y nos pondremos en contacto contigo para coordinar la factibilidad de la presentaci\u00f3n.&#8221; font_container=&#8221;tag:h4|font_size:17px|text_align:justify|color:%23333333|line_height:25px&#8221; use_theme_fonts=&#8221;yes&#8221; css=&#8221;.vc_custom_1775574498882{margin-top: 0px !important;margin-bottom: 45px !important;}&#8221; el_class=&#8221;w400&#8243;][\/vc_column][vc_column width=&#8221;1\/2&#8243;][vc_empty_space height=&#8221;0px&#8221;]\n<div class=\"wpcf7 no-js\" id=\"wpcf7-f9027-o1\" lang=\"es-ES\" dir=\"ltr\" data-wpcf7-id=\"9027\">\n<div class=\"screen-reader-response\"><p role=\"status\" aria-live=\"polite\" aria-atomic=\"true\"><\/p> <ul><\/ul><\/div>\n<form action=\"\/ccc23\/wp-json\/wp\/v2\/pages\/8896#wpcf7-f9027-o1\" method=\"post\" class=\"wpcf7-form init\" aria-label=\"Formulario de contacto\" novalidate=\"novalidate\" data-status=\"init\">\n<fieldset class=\"hidden-fields-container\"><input type=\"hidden\" name=\"_wpcf7\" value=\"9027\" \/><input type=\"hidden\" name=\"_wpcf7_version\" value=\"6.1.3\" \/><input type=\"hidden\" name=\"_wpcf7_locale\" value=\"es_ES\" \/><input type=\"hidden\" name=\"_wpcf7_unit_tag\" value=\"wpcf7-f9027-o1\" \/><input type=\"hidden\" name=\"_wpcf7_container_post\" value=\"0\" \/><input type=\"hidden\" name=\"_wpcf7_posted_data_hash\" value=\"\" \/><input type=\"hidden\" name=\"_wpcf7_recaptcha_response\" value=\"\" \/>\n<\/fieldset>\n<p><label> Nombre contacto<br \/>\n<span class=\"wpcf7-form-control-wrap\" data-name=\"nombre\"><input size=\"40\" maxlength=\"400\" class=\"wpcf7-form-control wpcf7-text wpcf7-validates-as-required\" autocomplete=\"name\" aria-required=\"true\" aria-invalid=\"false\" value=\"\" type=\"text\" name=\"nombre\" \/><\/span> <\/label>\n<\/p>\n<p><label> Correo electr\u00f3nico<br \/>\n<span class=\"wpcf7-form-control-wrap\" data-name=\"email\"><input size=\"40\" maxlength=\"400\" class=\"wpcf7-form-control wpcf7-email wpcf7-validates-as-required wpcf7-text wpcf7-validates-as-email\" autocomplete=\"email\" aria-required=\"true\" aria-invalid=\"false\" value=\"\" type=\"email\" name=\"email\" \/><\/span> <\/label>\n<\/p>\n<p><label> Tel\u00e9fono<br \/>\n<span class=\"wpcf7-form-control-wrap\" data-name=\"tel-153\"><input size=\"40\" maxlength=\"400\" class=\"wpcf7-form-control wpcf7-tel wpcf7-text wpcf7-validates-as-tel\" aria-invalid=\"false\" value=\"\" type=\"tel\" name=\"tel-153\" \/><\/span> <\/label>\n<\/p>\n<p><label> Fecha de presentaci\u00f3n<br \/>\n<span class=\"wpcf7-form-control-wrap\" data-name=\"date-750\"><input class=\"wpcf7-form-control wpcf7-date wpcf7-validates-as-date\" min=\"2026-04-16\" aria-invalid=\"false\" value=\"\" type=\"date\" name=\"date-750\" \/><\/span> <\/label>\n<\/p>\n<p><label> Actividad o motivo<br \/>\n<span class=\"wpcf7-form-control-wrap\" data-name=\"actividad\"><input size=\"40\" maxlength=\"400\" class=\"wpcf7-form-control wpcf7-text wpcf7-validates-as-required\" aria-required=\"true\" aria-invalid=\"false\" value=\"\" type=\"text\" name=\"actividad\" \/><\/span> <\/label>\n<\/p>\n<p><label> Direcci\u00f3n<br \/>\n<span class=\"wpcf7-form-control-wrap\" data-name=\"direccion\"><input size=\"40\" maxlength=\"400\" class=\"wpcf7-form-control wpcf7-text wpcf7-validates-as-required\" aria-required=\"true\" aria-invalid=\"false\" value=\"\" type=\"text\" name=\"direccion\" \/><\/span> <\/label>\n<\/p>\n<p><label> Detalle solicitud<br \/>\n<span class=\"wpcf7-form-control-wrap\" data-name=\"mensaje\"><textarea cols=\"10\" rows=\"4\" maxlength=\"2000\" class=\"wpcf7-form-control wpcf7-textarea\" aria-invalid=\"false\" name=\"mensaje\"><\/textarea><\/span> <\/label>\n<\/p>\n<span class=\"wpcf7-form-control-wrap recaptcha\" data-name=\"recaptcha\"><span data-sitekey=\"6Ld-yRUmAAAAAKWL25v-HtY5lk6K8iwtC4v2Fvcu\" class=\"wpcf7-form-control wpcf7-recaptcha g-recaptcha\"><\/span>\r\n<noscript>\r\n\t<div class=\"grecaptcha-noscript\">\r\n\t\t<iframe loading=\"lazy\" src=\"https:\/\/www.google.com\/recaptcha\/api\/fallback?k=6Ld-yRUmAAAAAKWL25v-HtY5lk6K8iwtC4v2Fvcu\" frameborder=\"0\" scrolling=\"no\" width=\"310\" height=\"430\">\r\n\t\t<\/iframe>\r\n\t\t<textarea name=\"g-recaptcha-response\" rows=\"3\" cols=\"40\" placeholder=\"Aqu\u00ed la respuesta de reCAPTCHA\">\r\n\t\t<\/textarea>\r\n\t<\/div>\r\n<\/noscript>\r\n<\/span>\n<p><input class=\"wpcf7-form-control wpcf7-submit has-spinner\" type=\"submit\" value=\"Enviar\" \/>\n<\/p><div class=\"wpcf7-response-output\" aria-hidden=\"true\"><\/div>\n<\/form>\n<\/div>\n[\/vc_column][\/vc_row]<\/p>\n<\/section>","protected":false},"excerpt":{"rendered":"<p>[vc_row][vc_column][vc_single_image image=&#8221;8921&#8243; img_size=&#8221;medium&#8221; alignment=&#8221;center&#8221;][\/vc_column][\/vc_row][vc_row gap=&#8221;10&#8243; content_placement=&#8221;top&#8221; css_animation=&#8221;fadeIn&#8221; css=&#8221;.vc_custom_1685051409566{margin-bottom: 25px !important;}&#8221;][vc_column width=&#8221;1\/2&#8243;][vc_custom_heading text=&#8221;El Ballet Folcl\u00f3rico de Arica y Parinacota (BAFOAP) naci\u00f3 bajo la visi\u00f3n del destacado acad\u00e9mico, m\u00fasico y Premio Nacional de Cultura, Manuel Mamani Mamani. Su origen est\u00e1 profundamente ligado a la necesidad de sistematizar y elevar a los escenarios teatrales las ricas expresiones danc\u00edsticas&hellip;<\/p>\n","protected":false},"author":2,"featured_media":0,"parent":0,"menu_order":0,"comment_status":"closed","ping_status":"closed","template":"","meta":{"footnotes":""},"folder":[],"class_list":["post-8896","page","type-page","status-publish","hentry","description-off"],"_links":{"self":[{"href":"https:\/\/www.costachinchorro.cl\/ccc23\/wp-json\/wp\/v2\/pages\/8896","targetHints":{"allow":["GET"]}}],"collection":[{"href":"https:\/\/www.costachinchorro.cl\/ccc23\/wp-json\/wp\/v2\/pages"}],"about":[{"href":"https:\/\/www.costachinchorro.cl\/ccc23\/wp-json\/wp\/v2\/types\/page"}],"author":[{"embeddable":true,"href":"https:\/\/www.costachinchorro.cl\/ccc23\/wp-json\/wp\/v2\/users\/2"}],"replies":[{"embeddable":true,"href":"https:\/\/www.costachinchorro.cl\/ccc23\/wp-json\/wp\/v2\/comments?post=8896"}],"version-history":[{"count":21,"href":"https:\/\/www.costachinchorro.cl\/ccc23\/wp-json\/wp\/v2\/pages\/8896\/revisions"}],"predecessor-version":[{"id":9030,"href":"https:\/\/www.costachinchorro.cl\/ccc23\/wp-json\/wp\/v2\/pages\/8896\/revisions\/9030"}],"wp:attachment":[{"href":"https:\/\/www.costachinchorro.cl\/ccc23\/wp-json\/wp\/v2\/media?parent=8896"}],"wp:term":[{"taxonomy":"folder","embeddable":true,"href":"https:\/\/www.costachinchorro.cl\/ccc23\/wp-json\/wp\/v2\/folder?post=8896"}],"curies":[{"name":"wp","href":"https:\/\/api.w.org\/{rel}","templated":true}]}}